{"id":136,"date":"2014-10-09T05:56:25","date_gmt":"2014-10-09T03:56:25","guid":{"rendered":"http:\/\/casasevera.com\/casarural\/?page_id=136"},"modified":"2015-09-27T04:02:54","modified_gmt":"2015-09-27T02:02:54","slug":"cookies","status":"publish","type":"page","link":"http:\/\/casasevera.com\/casarural\/cookies","title":{"rendered":"Cookies"},"content":{"rendered":"<p><strong> Pol\u00edtica de Privacidad respecto a cookies<\/strong><\/p>\n<p>Nuestro sitio web www.casasevera.com utiliza una tecnolog\u00eda denominada cookies, con la finalidad de poder recabar <strong>informaci\u00f3n estad\u00edstica an\u00f3nima<\/strong> acerca del uso del sitio web.<br \/>\nLe informamos que podemos utilizar cookies con la finalidad de <strong>facilitar<\/strong> su navegaci\u00f3n a trav\u00e9s del sitio web, distinguirle de otros usuarios, proporcionarle una mejor experiencia en el uso del mismo, e identificar problemas para mejorar nuestro sitio web. Asimismo, en caso de que preste su consentimiento, utilizaremos cookies que nos permitan obtener m\u00e1s informaci\u00f3n acerca de sus preferencias y <strong>personalizar<\/strong> nuestro sitio web de conformidad con sus intereses individuales.<\/p>\n<p><strong> Qu\u00e9 son cookies?<\/strong><\/p>\n<p>Una cookie es un fichero que se env\u00eda a un navegador, a trav\u00e9s de un servidor, para registrar las actividades que tienen lugar en una web. Estos ficheros permiten que el sitio web almacene informaci\u00f3n b\u00e1sica sobre las preferencias b\u00e1sicas del usuario (idioma, configuraci\u00f3n, contenido, dise\u00f1o) y desempe\u00f1an un papel importante en materia de usabilidad y experiencia de navegaci\u00f3n.<\/p>\n<p><strong> Cookies anal\u00edticas<\/strong>: en nuestro sitio cookies que almacenan informaci\u00f3n sobre la actividad de los usuarios en una web. La informaci\u00f3n recogida se utiliza para elaborar perfiles de navegaci\u00f3n con el fin de optimizar los servicios ofertados.<br \/>\nPuede permitir, bloquear o eliminar las cookies instaladas en su equipo mediante la configuraci\u00f3n de las opciones de su navegador de Internet.<br \/>\nSi quisiese retirar en cualquier momento su consentimiento relacionado con la presente Politica de Cookies, deber\u00e1 eliminar las cookies almacenadas a trav\u00e9s de los ajustes y configuraciones de su navegador de Internet.<br \/>\nC\u00f3mo?<\/p>\n<p>Aqu\u00ed le ofrecemos informaci\u00f3n para que pueda deshabilitar las cookies de los principales navegadores, si su navegador no aparece en esta lista por favor contacta con tu proveedor de software:<\/p>\n<p>Google Chrome<\/p>\n<p>En el men\u00fa de configuraci\u00f3n, selecciona \u2018mostrar configuraci\u00f3n avanzada\u2019 en la parte inferior de la p\u00e1gina selecciona la tecla de \u2018configuraci\u00f3n de contenido\u2019 en la secci\u00f3n de privacidad. La secci\u00f3n de la parte superior de la p\u00e1gina que aparece te da informaci\u00f3n sobre las cookies y te permite fijar las cookies que quieres. Tambi\u00e9n te permite borrar cualquier cookie que tengas almacenada en ese momento.<\/p>\n<p>Mozilla Firefox<\/p>\n<p>En el men\u00fa de herramientas, selecciona \u2018opciones\u2019 Selecciona la etiqueta de privacidad en el recuadro de opciones Del men\u00fa desplegable elige \u2018usar configuraci\u00f3n personalizada para el historial\u2019. Esto mostrar\u00e1 las opciones de cookies y podr\u00e1s optar por activarlas o desactivarlas marcando la casilla correspondiente.<\/p>\n<p>Internet Explorer 6+<\/p>\n<p>En el men\u00fa de herramientas, selecciona \u2018Opciones de Internet\u2019. Haz clic en la pesta\u00f1a de privacidad . Ver\u00e1s un cursor de desplazamiento para configurar la privacidad que tiene seis posiciones que te permiten controlar la cantidad de cookies que se instalar\u00e1n: Bloquear todas las cookies, Alta, Media Alto, Media (nivel por defecto), Baja, y Aceptar todas las cookies.<\/p>\n<table id=\"table8\">\n<tbody>\n<tr>\n<td>DOMINIO<\/td>\n<td>NOMBRE COOKIE<\/td>\n<td>    DESCRIPCION\/FINALIDAD<\/td>\n<td>PROVEEDOR<\/td>\n<td>CADUCIDAD<\/td>\n<\/tr>\n<tr>\n<td>casasevera.com<\/td>\n<td>utma_<\/td>\n<td>Anal\u00edtica web<\/td>\n<td>Propias<\/td>\n<td>2 a\u00f1os desde que se creo inicialmente o se restablecio<\/td>\n<\/tr>\n<tr>\n<td>casasevera.com<\/td>\n<td>utmb_<\/td>\n<td>Anal\u00edtica web<\/td>\n<td>Propias<\/td>\n<td>30 minutos desde que se creo inicialmente o se restablecio<\/td>\n<\/tr>\n<tr>\n<td>casasevera.com<\/td>\n<td>utmz_<\/td>\n<td>Anal\u00edtica web<\/td>\n<td>Propias<\/td>\n<td>6 meses desde que se creo inicialmente o se restablecio<\/td>\n<\/tr>\n<\/tbody>\n<\/table>\n","protected":false},"excerpt":{"rendered":"<p>Pol\u00edtica de Privacidad respecto a cookies Nuestro sitio web www.casasevera.com utiliza una tecnolog\u00eda denominada cookies, con la finalidad de poder recabar informaci\u00f3n estad\u00edstica an\u00f3nima acerca del uso del sitio web. Le informamos que podemos utilizar cookies con la finalidad de facilitar su navegaci\u00f3n a trav\u00e9s del sitio web, distinguirle de otros usuarios, proporcionarle una mejor [&hellip;]<\/p>\n","protected":false},"author":1,"featured_media":0,"parent":0,"menu_order":0,"comment_status":"closed","ping_status":"closed","template":"","meta":{"_genesis_hide_title":false,"_genesis_hide_breadcrumbs":false,"_genesis_hide_singular_image":false,"_genesis_hide_footer_widgets":false,"_genesis_custom_body_class":"","_genesis_custom_post_class":"","_genesis_layout":"","footnotes":""},"class_list":{"0":"post-136","1":"page","2":"type-page","3":"status-publish","5":"entry"},"_links":{"self":[{"href":"http:\/\/casasevera.com\/casarural\/wp-json\/wp\/v2\/pages\/136","targetHints":{"allow":["GET"]}}],"collection":[{"href":"http:\/\/casasevera.com\/casarural\/wp-json\/wp\/v2\/pages"}],"about":[{"href":"http:\/\/casasevera.com\/casarural\/wp-json\/wp\/v2\/types\/page"}],"author":[{"embeddable":true,"href":"http:\/\/casasevera.com\/casarural\/wp-json\/wp\/v2\/users\/1"}],"replies":[{"embeddable":true,"href":"http:\/\/casasevera.com\/casarural\/wp-json\/wp\/v2\/comments?post=136"}],"version-history":[{"count":2,"href":"http:\/\/casasevera.com\/casarural\/wp-json\/wp\/v2\/pages\/136\/revisions"}],"predecessor-version":[{"id":138,"href":"http:\/\/casasevera.com\/casarural\/wp-json\/wp\/v2\/pages\/136\/revisions\/138"}],"wp:attachment":[{"href":"http:\/\/casasevera.com\/casarural\/wp-json\/wp\/v2\/media?parent=136"}],"curies":[{"name":"wp","href":"https:\/\/api.w.org\/{rel}","templated":true}]}}