{"id":60,"date":"2014-05-05T20:14:20","date_gmt":"2014-05-05T20:14:20","guid":{"rendered":"http:\/\/casasevera.com\/casarural\/?page_id=60"},"modified":"2014-05-05T20:16:04","modified_gmt":"2014-05-05T20:16:04","slug":"contacto","status":"publish","type":"page","link":"http:\/\/casasevera.com\/casarural\/contacto","title":{"rendered":"Contacto"},"content":{"rendered":"<p>Rellene este formualrio y le responderemos tan r\u00e1pidamente como nos sea posible.<\/p>\n<p>Tambi\u00e9n puede dirigirse a nosotros a trav\u00e9s del telefono <a href=\"tel:985843234\">985 843 234<\/a><\/p>\n\n<div class=\"wpcf7 no-js\" id=\"wpcf7-f59-o1\" lang=\"es-ES\" dir=\"ltr\" data-wpcf7-id=\"59\">\n<div class=\"screen-reader-response\"><p role=\"status\" aria-live=\"polite\" aria-atomic=\"true\"><\/p> <ul><\/ul><\/div>\n<form action=\"\/casarural\/wp-json\/wp\/v2\/pages\/60#wpcf7-f59-o1\" method=\"post\" class=\"wpcf7-form init\" aria-label=\"Formulario de contacto\" novalidate=\"novalidate\" data-status=\"init\">\n<fieldset class=\"hidden-fields-container\"><input type=\"hidden\" name=\"_wpcf7\" value=\"59\" \/><input type=\"hidden\" name=\"_wpcf7_version\" value=\"6.1.5\" \/><input type=\"hidden\" name=\"_wpcf7_locale\" value=\"es_ES\" \/><input type=\"hidden\" name=\"_wpcf7_unit_tag\" value=\"wpcf7-f59-o1\" \/><input type=\"hidden\" name=\"_wpcf7_container_post\" value=\"0\" \/><input type=\"hidden\" name=\"_wpcf7_posted_data_hash\" value=\"\" \/>\n<\/fieldset>\n<p>Su nombre (requerido)\n<\/p>\n<p><span class=\"wpcf7-form-control-wrap\" data-name=\"your-name\"><input size=\"40\" maxlength=\"400\" class=\"wpcf7-form-control wpcf7-text wpcf7-validates-as-required\" aria-required=\"true\" aria-invalid=\"false\" value=\"\" type=\"text\" name=\"your-name\" \/><\/span>\n<\/p>\n<p>Su e-mail (requerido)\n<\/p>\n<p><span class=\"wpcf7-form-control-wrap\" data-name=\"your-email\"><input size=\"40\" maxlength=\"400\" class=\"wpcf7-form-control wpcf7-email wpcf7-validates-as-required wpcf7-text wpcf7-validates-as-email\" aria-required=\"true\" aria-invalid=\"false\" value=\"\" type=\"email\" name=\"your-email\" \/><\/span>\n<\/p>\n<p>Asunto\n<\/p>\n<p><span class=\"wpcf7-form-control-wrap\" data-name=\"your-subject\"><input size=\"40\" maxlength=\"400\" class=\"wpcf7-form-control wpcf7-text\" aria-invalid=\"false\" value=\"\" type=\"text\" name=\"your-subject\" \/><\/span>\n<\/p>\n<p>Su mensaje\n<\/p>\n<p><span class=\"wpcf7-form-control-wrap\" data-name=\"your-message\"><textarea cols=\"40\" rows=\"10\" maxlength=\"2000\" class=\"wpcf7-form-control wpcf7-textarea\" aria-invalid=\"false\" name=\"your-message\"><\/textarea><\/span>\n<\/p>\n<p>Su tel\u00e9fono<br \/>\n<span class=\"wpcf7-form-control-wrap\" data-name=\"tel-949\"><input size=\"9\" maxlength=\"12\" class=\"wpcf7-form-control wpcf7-tel wpcf7-text wpcf7-validates-as-tel\" aria-invalid=\"false\" value=\"\" type=\"tel\" name=\"tel-949\" \/><\/span>\n<\/p>\n<p>Entrada<br \/>\n<span class=\"wpcf7-form-control-wrap\" data-name=\"date-396\"><input class=\"wpcf7-form-control wpcf7-date wpcf7-validates-as-date\" aria-invalid=\"false\" value=\"\" type=\"date\" name=\"date-396\" \/><\/span>\n<\/p>\n<p>Salida<br \/>\n<span class=\"wpcf7-form-control-wrap\" data-name=\"date-283\"><input class=\"wpcf7-form-control wpcf7-date wpcf7-validates-as-date\" aria-invalid=\"false\" value=\"\" type=\"date\" name=\"date-283\" \/><\/span>\n<\/p>\n<p>Repite c\u00f3digo\n<\/p>\n<p><input type=\"hidden\" name=\"_wpcf7_captcha_challenge_captcha-951\" value=\"452326284\" \/><img loading=\"lazy\" decoding=\"async\" class=\"wpcf7-form-control wpcf7-captchac wpcf7-captcha-captcha-951\" width=\"72\" height=\"24\" alt=\"captcha\" src=\"http:\/\/casasevera.com\/casarural\/wp-content\/uploads\/wpcf7_captcha\/452326284.png\" \/>\n<\/p>\n<p><span class=\"wpcf7-form-control-wrap\" data-name=\"captcha-951\"><input size=\"40\" class=\"wpcf7-form-control wpcf7-captchar\" autocomplete=\"off\" aria-invalid=\"false\" value=\"\" type=\"text\" name=\"captcha-951\" \/><\/span>\n<\/p>\n<p><span class=\"wpcf7-form-control-wrap\" data-name=\"acceptance-479\"><span class=\"wpcf7-form-control wpcf7-acceptance\"><span class=\"wpcf7-list-item\"><label><input type=\"checkbox\" name=\"acceptance-479\" value=\"1\" aria-invalid=\"false\" \/><span class=\"wpcf7-list-item-label\">He le\u00eddo y acepto las condiciones de la <a href=\"http:\/\/casasevera.com\/casarural\/aviso-legal\/\" target=\"_blank\">pol\u00edtica de privacidad<\/a><\/span><\/label><\/span><\/span><\/span>\n<\/p>\n<p><input class=\"wpcf7-form-control wpcf7-submit has-spinner\" type=\"submit\" value=\"Enviar\" \/>\n<\/p>\n<p><br \/>\n<label><br \/>\n<\/label>\n<\/p>\n<ol>\n\t<li>\n\t\t<p>Responsable de los datos: Javier S\u00e1nchez S\u00e1nchez\n\t\t<\/p>\n\t<\/li>\n\t<li>\n\t\t<p>NIF: 53.506.924-T\n\t\t<\/p>\n\t<\/li>\n\t<li>\n\t\t<p>Domicilio social: Sobrefoz s\/n 33557 Ponga-Asturias\n\t\t<\/p>\n\t<\/li>\n\t<li>\n\t\t<p>Email: casasevera@gmail.com\n\t\t<\/p>\n\t<\/li>\n\t<li>\n\t\t<p>Finalidad de los datos: Atencion de consulta, sugerencias y la gestion de contactos y reservas, as\u00ed como env\u00edo de boletines de noticias y ofertas.\n\t\t<\/p>\n\t<\/li>\n\t<li>\n\t\t<p>Almacenamiento de los datos: Base de datos alojada en OVH.es (UE)\n\t\t<\/p>\n\t<\/li>\n\t<li>\n\t\t<p>Derechos: En cualquier momento puedes <a href=\"\">limitar, recuperar, borrar, solicitar la portabilidad tu informaci\u00f3n, adjuntando copia de tu documento de identidad<\/a>.\n\t\t<\/p>\n\t<\/li>\n<\/ol><p style=\"display: none !important;\" class=\"akismet-fields-container\" data-prefix=\"_wpcf7_ak_\"><label>&#916;<textarea name=\"_wpcf7_ak_hp_textarea\" cols=\"45\" rows=\"8\" maxlength=\"100\"><\/textarea><\/label><input type=\"hidden\" id=\"ak_js_1\" name=\"_wpcf7_ak_js\" value=\"148\"\/><script>document.getElementById( \"ak_js_1\" ).setAttribute( \"value\", ( new Date() ).getTime() );<\/script><\/p><div class=\"wpcf7-response-output\" aria-hidden=\"true\"><\/div>\n<\/form>\n<\/div>\n\n","protected":false},"excerpt":{"rendered":"<p>Rellene este formualrio y le responderemos tan r\u00e1pidamente como nos sea posible. Tambi\u00e9n puede dirigirse a nosotros a trav\u00e9s del telefono 985 843 234<\/p>\n","protected":false},"author":1,"featured_media":0,"parent":0,"menu_order":0,"comment_status":"closed","ping_status":"closed","template":"","meta":{"_genesis_hide_title":false,"_genesis_hide_breadcrumbs":false,"_genesis_hide_singular_image":false,"_genesis_hide_footer_widgets":false,"_genesis_custom_body_class":"","_genesis_custom_post_class":"","_genesis_layout":"","footnotes":""},"class_list":{"0":"post-60","1":"page","2":"type-page","3":"status-publish","5":"entry"},"_links":{"self":[{"href":"http:\/\/casasevera.com\/casarural\/wp-json\/wp\/v2\/pages\/60","targetHints":{"allow":["GET"]}}],"collection":[{"href":"http:\/\/casasevera.com\/casarural\/wp-json\/wp\/v2\/pages"}],"about":[{"href":"http:\/\/casasevera.com\/casarural\/wp-json\/wp\/v2\/types\/page"}],"author":[{"embeddable":true,"href":"http:\/\/casasevera.com\/casarural\/wp-json\/wp\/v2\/users\/1"}],"replies":[{"embeddable":true,"href":"http:\/\/casasevera.com\/casarural\/wp-json\/wp\/v2\/comments?post=60"}],"version-history":[{"count":1,"href":"http:\/\/casasevera.com\/casarural\/wp-json\/wp\/v2\/pages\/60\/revisions"}],"predecessor-version":[{"id":61,"href":"http:\/\/casasevera.com\/casarural\/wp-json\/wp\/v2\/pages\/60\/revisions\/61"}],"wp:attachment":[{"href":"http:\/\/casasevera.com\/casarural\/wp-json\/wp\/v2\/media?parent=60"}],"curies":[{"name":"wp","href":"https:\/\/api.w.org\/{rel}","templated":true}]}}