{"id":5,"date":"2014-05-04T18:57:37","date_gmt":"2014-05-04T18:57:37","guid":{"rendered":"http:\/\/casasevera.com\/casarural\/?page_id=5"},"modified":"2022-07-12T12:21:49","modified_gmt":"2022-07-12T10:21:49","slug":"escapada","status":"publish","type":"page","link":"https:\/\/casasevera.com\/casarural\/","title":{"rendered":"Escapada"},"content":{"rendered":"<p><img loading=\"lazy\" decoding=\"async\" class=\"aligncenter size-full wp-image-64\" src=\"http:\/\/casasevera.com\/casarural\/wp-content\/uploads\/2014\/05\/portada1b.jpg\" alt=\"Escapada por Asturias\" width=\"600\" height=\"310\" srcset=\"https:\/\/casasevera.com\/casarural\/wp-content\/uploads\/2014\/05\/portada1b.jpg 600w, https:\/\/casasevera.com\/casarural\/wp-content\/uploads\/2014\/05\/portada1b-300x155.jpg 300w\" sizes=\"auto, (max-width: 600px) 100vw, 600px\" \/><\/p>\n<p><span style=\"color: #ff6600;\">Mi\u00e9rcoles cerrado por descanso<\/span><\/p>\n<p>En Asturias, <span class=\"negrita\">casas rurales, hoteles y apartamentos<\/span> suponen una excelente elecci\u00f3n para sumergirse en monta\u00f1as y valles, playas y rios.<br \/>\nLos alojamientos de turismo rural en el oriente asturiano, permiten escoger la mejor casa rural u hotel: una alternativa barata llena de aventura y calidad.<br \/>\nComparar los mejores precios, elegir la mejor calidad y disfrutar de nuestras vacaciones en <span class=\"negrita\">Asturias<\/span>.<\/p>\n<p>La geografia de Asturias, con las monta\u00f1as de los <span class=\"negrita\">Picos de Europa y Ponga<\/span> tan cerca de las playas de Llanes y Ribadesella nos ofrece la posibilidad de elegir rapidamente nuestro plan de cada dia.<br \/>\nActividades de turismo (quads, canoas por el rio Sella, caballos,&#8230;) y culturales (<span class=\"negrita\">Basilica de Covadonga, Los Lagos, Cangas de Onis, Llanes,Fuente De. <\/span>..) nos complementaran esa estancia en nuestra casa rural.<br \/>\nDesde las casas rurales y apartamentos, es sencillo acceder a multiples lugares de Asturias (Gijon, Oviedo, Ribadesella, etc.) donde el aspecto cultural se presenta como una enorme variedad llena de matices.<\/p>\n<p>La comarca del oriente de Asturias esta compuesta de multitud de peque\u00f1os pueblos, llenos de tradicion y costumbres, que podemos contemplar en multiples actividades y ferias etnograficas.<\/p>\n<p>La renombrada <span class=\"negrita\">gastronomia asturiana<\/span> invita a visitantes en cada rincon a degustar desde la t\u00edpica fabada, diversos potes de la huerta, embutidos caseros, frescos pescados de mar y r\u00edo, acompa\u00f1ados de sabrosa sidra.<\/p>\n<p><img loading=\"lazy\" decoding=\"async\" class=\"aligncenter size-full wp-image-7\" src=\"http:\/\/casasevera.com\/casarural\/wp-content\/uploads\/2014\/05\/arroyo1.jpg\" alt=\"Arroyo en Asturias\" width=\"380\" height=\"242\" srcset=\"https:\/\/casasevera.com\/casarural\/wp-content\/uploads\/2014\/05\/arroyo1.jpg 380w, https:\/\/casasevera.com\/casarural\/wp-content\/uploads\/2014\/05\/arroyo1-300x191.jpg 300w\" sizes=\"auto, (max-width: 380px) 100vw, 380px\" \/><\/p>\n","protected":false},"excerpt":{"rendered":"<p>Mi\u00e9rcoles cerrado por descanso En Asturias, casas rurales, hoteles y apartamentos suponen una excelente elecci\u00f3n para sumergirse en monta\u00f1as y valles, playas y rios. Los alojamientos de turismo rural en el oriente asturiano, permiten escoger la mejor casa rural u hotel: una alternativa barata llena de aventura y calidad. Comparar los mejores precios, elegir la [&hellip;]<\/p>\n","protected":false},"author":1,"featured_media":0,"parent":0,"menu_order":0,"comment_status":"closed","ping_status":"closed","template":"","meta":{"_genesis_hide_title":false,"_genesis_hide_breadcrumbs":false,"_genesis_hide_singular_image":false,"_genesis_hide_footer_widgets":false,"_genesis_custom_body_class":"","_genesis_custom_post_class":"","_genesis_layout":"","footnotes":""},"class_list":{"0":"post-5","1":"page","2":"type-page","3":"status-publish","5":"entry"},"_links":{"self":[{"href":"https:\/\/casasevera.com\/casarural\/wp-json\/wp\/v2\/pages\/5","targetHints":{"allow":["GET"]}}],"collection":[{"href":"https:\/\/casasevera.com\/casarural\/wp-json\/wp\/v2\/pages"}],"about":[{"href":"https:\/\/casasevera.com\/casarural\/wp-json\/wp\/v2\/types\/page"}],"author":[{"embeddable":true,"href":"https:\/\/casasevera.com\/casarural\/wp-json\/wp\/v2\/users\/1"}],"replies":[{"embeddable":true,"href":"https:\/\/casasevera.com\/casarural\/wp-json\/wp\/v2\/comments?post=5"}],"version-history":[{"count":4,"href":"https:\/\/casasevera.com\/casarural\/wp-json\/wp\/v2\/pages\/5\/revisions"}],"predecessor-version":[{"id":313,"href":"https:\/\/casasevera.com\/casarural\/wp-json\/wp\/v2\/pages\/5\/revisions\/313"}],"wp:attachment":[{"href":"https:\/\/casasevera.com\/casarural\/wp-json\/wp\/v2\/media?parent=5"}],"curies":[{"name":"wp","href":"https:\/\/api.w.org\/{rel}","templated":true}]}}