{"id":84,"date":"2014-05-06T06:01:24","date_gmt":"2014-05-06T04:01:24","guid":{"rendered":"http:\/\/casasevera.com\/casarural\/?page_id=84"},"modified":"2018-05-12T17:42:10","modified_gmt":"2018-05-12T15:42:10","slug":"aviso-legal","status":"publish","type":"page","link":"https:\/\/casasevera.com\/casarural\/aviso-legal","title":{"rendered":"Aviso Legal"},"content":{"rendered":"<p><strong>Registro Legal<\/strong><br \/>\nApartamentos Casa Severa estan gestionados por Javier Sanchez Sanchez con NIF 53.506.924-T domicilio en Sobrefoz S\/N;33557-PONGA (ASTURIAS), y cuentan con la calificaci\u00f3n de Apartamentos Rurales, registro oficial de la Consejeria de Turismo AR-430; Casa Tata es gestionada por Pilar Sanchez Yano con NIF 10.521.964-Q y domicilio en Sobrefoz s\/n 33557 Ponga (Asturias) y registro oficial VV-197<br \/>\n<strong>Ortografia<\/strong><br \/>\nLas tildes ortograficas han sido omitidas intencionadamente para facilitar la indexacion en buscadores.<\/p>\n<p><strong>Politica de cancelaciones<\/strong><br \/>\nSegun DECRETO 143\/2002, de 14 de noviembre, de Alojamientos de Turismo Rural del Principado de Asturias, le informamos que : &#8216;&#8230; cuando el desistimiento (cancelacion) le sea comunicado con m\u00e1s de siete y menos de quince d\u00edas de antelaci\u00f3n al se\u00f1alado para la ocupaci\u00f3n, el titular del establecimiento podr\u00e1 retener el 50% del importe del dep\u00f3sito, o la totalidad del mismo si la comunicaci\u00f3n se efect\u00faa dentro del plazo de siete d\u00edas anteriores a dicha fecha.&#8217; &#8230; &#8216;&#8230;Si el cliente no llega al establecimiento antes de las veinte horas del d\u00eda se\u00f1alado para el comienzo de la estancia, se entender\u00e1 anulada la reserva&#8230;&#8217;<\/p>\n<p><strong>Proteccion de datos personales<\/strong><br \/>\nSegun la legislacion vigente, le informamos que los datos que nos facilite a traves del formulario de consultas y reservas, por correo electronico, telefono u otro medio, no seran almacenados en ningun caso. En el supuesto de concertar una reserva se le requeriran para confeccionar la oportuna factura legal.<\/p>\n<p>&#8230;<br \/>\nCASA SEVERA, en cumplimiento de la LOPD y la LSSI informa de la ubicacion de sus servidores en Espa\u00f1a y\/o UE y facilita esta informacion en funci\u00f3n de las condiciones de servicio de su proveedor de internet.<\/p>\n<p>CASA SEVERA asegura la absoluta confidencialidad y privacidad de los datos personales recogidos y por ello se han adoptado medidas de seguridad para evitar la alteracion, perdida, tratamiento o acceso no autorizado y garantizar asi su integridad y seguridad.<\/p>\n<p>POLITICA DE COOKIES<\/p>\n<p>Qu\u00e9 son cookies?<\/p>\n<p>Una cookie es un fichero que se env\u00eda a un navegador, a trav\u00e9s de un servidor, para registrar las actividades que tienen lugar en una web. Estos ficheros permiten que el sitio web almacene informaci\u00f3n b\u00e1sica sobre las preferencias b\u00e1sicas del usuario (idioma, configuraci\u00f3n, contenido, dise\u00f1o) y desempe\u00f1an un papel importante en materia de usabilidad y experiencia de navegaci\u00f3n.<\/p>\n<p>Cookies anal\u00edticas: en nuestro sitio cookies que almacenan informaci\u00f3n sobre la actividad de los usuarios en una web. La informaci\u00f3n recogida se utiliza para elaborar perfiles de navegaci\u00f3n con el fin de optimizar los servicios ofertados.<br \/>\nPuede permitir, bloquear o eliminar las cookies instaladas en su equipo mediante la configuraci\u00f3n de las opciones de su navegador de Internet.<br \/>\nSi quisiese retirar en cualquier momento su consentimiento relacionado con la presente Politica de Cookies, deber\u00e1 eliminar las cookies almacenadas a trav\u00e9s de los ajustes y configuraciones de su navegador de Internet.<\/p>\n<p>C\u00f3mo?<\/p>\n<p>Aqu\u00ed le ofrecemos informaci\u00f3n para que pueda deshabilitar las cookies de los principales navegadores, si su navegador no aparece en esta lista por favor contacta con tu proveedor de software:<\/p>\n<p>Google Chrome<\/p>\n<p>En el men\u00fa de configuraci\u00f3n, selecciona \u2018mostrar configuraci\u00f3n avanzada\u2019 en la parte inferior de la p\u00e1gina selecciona la tecla de \u2018configuraci\u00f3n de contenido\u2019 en la secci\u00f3n de privacidad. La secci\u00f3n de la parte superior de la p\u00e1gina que aparece te da informaci\u00f3n sobre las cookies y te permite fijar las cookies que quieres. Tambi\u00e9n te permite borrar cualquier cookie que tengas almacenada en ese momento.<\/p>\n<p>Mozilla Firefox<\/p>\n<p>En el men\u00fa de herramientas, selecciona \u2018opciones\u2019 Selecciona la etiqueta de privacidad en el recuadro de opciones Del men\u00fa desplegable elige \u2018usar configuraci\u00f3n personalizada para el historial\u2019. Esto mostrar\u00e1 las opciones de cookies y podr\u00e1s optar por activarlas o desactivarlas marcando la casilla correspondiente.<\/p>\n<p>Internet Explorer 6+<\/p>\n<p>En el men\u00fa de herramientas, selecciona \u2018Opciones de Internet\u2019. Haz clic en la pesta\u00f1a de privacidad . Ver\u00e1s un cursor de desplazamiento para configurar la privacidad que tiene seis posiciones que te permiten controlar la cantidad de cookies que se instalar\u00e1n: Bloquear todas las cookies, Alta, Media Alto, Media (nivel por defecto), Baja, y Aceptar todas las cookies.<\/p>\n<p>&nbsp;<\/p>\n<p>&nbsp;<\/p>\n<p>&nbsp;<\/p>\n","protected":false},"excerpt":{"rendered":"<p>Registro Legal Apartamentos Casa Severa estan gestionados por Javier Sanchez Sanchez con NIF 53.506.924-T domicilio en Sobrefoz S\/N;33557-PONGA (ASTURIAS), y cuentan con la calificaci\u00f3n de Apartamentos Rurales, registro oficial de la Consejeria de Turismo AR-430; Casa Tata es gestionada por Pilar Sanchez Yano con NIF 10.521.964-Q y domicilio en Sobrefoz s\/n 33557 Ponga (Asturias) y [&hellip;]<\/p>\n","protected":false},"author":1,"featured_media":0,"parent":0,"menu_order":0,"comment_status":"closed","ping_status":"closed","template":"","meta":{"_genesis_hide_title":false,"_genesis_hide_breadcrumbs":false,"_genesis_hide_singular_image":false,"_genesis_hide_footer_widgets":false,"_genesis_custom_body_class":"","_genesis_custom_post_class":"","_genesis_layout":"","footnotes":""},"class_list":{"0":"post-84","1":"page","2":"type-page","3":"status-publish","5":"entry"},"_links":{"self":[{"href":"https:\/\/casasevera.com\/casarural\/wp-json\/wp\/v2\/pages\/84","targetHints":{"allow":["GET"]}}],"collection":[{"href":"https:\/\/casasevera.com\/casarural\/wp-json\/wp\/v2\/pages"}],"about":[{"href":"https:\/\/casasevera.com\/casarural\/wp-json\/wp\/v2\/types\/page"}],"author":[{"embeddable":true,"href":"https:\/\/casasevera.com\/casarural\/wp-json\/wp\/v2\/users\/1"}],"replies":[{"embeddable":true,"href":"https:\/\/casasevera.com\/casarural\/wp-json\/wp\/v2\/comments?post=84"}],"version-history":[{"count":6,"href":"https:\/\/casasevera.com\/casarural\/wp-json\/wp\/v2\/pages\/84\/revisions"}],"predecessor-version":[{"id":292,"href":"https:\/\/casasevera.com\/casarural\/wp-json\/wp\/v2\/pages\/84\/revisions\/292"}],"wp:attachment":[{"href":"https:\/\/casasevera.com\/casarural\/wp-json\/wp\/v2\/media?parent=84"}],"curies":[{"name":"wp","href":"https:\/\/api.w.org\/{rel}","templated":true}]}}