{"id":88,"date":"2014-05-06T06:16:02","date_gmt":"2014-05-06T04:16:02","guid":{"rendered":"http:\/\/casasevera.com\/casarural\/?page_id=88"},"modified":"2026-04-03T09:34:02","modified_gmt":"2026-04-03T07:34:02","slug":"restaurante","status":"publish","type":"page","link":"https:\/\/casasevera.com\/casarural\/restaurante","title":{"rendered":"Restaurante"},"content":{"rendered":"\n<p>No menos importante que nuestras casas rurales, el restaurante Casa Severa goza de un reconocimiento en la comarca del oriente de Asturias.<\/p>\n\n\n\n<p>En diferentes fechas del a\u00f1o, preparamos jornadas gastron\u00f3micas variadas : de la matanza del cerdo, del cochinillo al horno, del gochu asturcelta, de la caza, &#8230;<\/p>\n\n\n\n<p>Adem\u00e1s tenemos una <a href=\"https:\/\/casasevera.com\/carta\/\"><strong>carta muy asequible y variada<\/strong> (ver carta)<\/a>, peque\u00f1a bodega de calidad y men\u00fas diarios y de fin de semana.<\/p>\n\n\n\n<p>No dude en consultarnos o incluso, solicitarnos por encargo, cochinillos al horno (ideales para grupos de 5 en adelante)<\/p>\n\n\n\n<p class=\"has-text-align-center\">&nbsp;<\/p>\n\n\n\n<figure class=\"wp-block-image size-full\"><a href=\"http:\/\/casasevera.com\/casarural\/wp-content\/uploads\/2014\/05\/severa10.jpg\"><img loading=\"lazy\" decoding=\"async\" width=\"700\" height=\"525\" src=\"http:\/\/casasevera.com\/casarural\/wp-content\/uploads\/2014\/05\/severa10.jpg\" alt=\"\" class=\"wp-image-103\" srcset=\"https:\/\/casasevera.com\/casarural\/wp-content\/uploads\/2014\/05\/severa10.jpg 700w, https:\/\/casasevera.com\/casarural\/wp-content\/uploads\/2014\/05\/severa10-300x225.jpg 300w\" sizes=\"auto, (max-width: 700px) 100vw, 700px\" \/><\/a><figcaption class=\"wp-element-caption\">Restaurante<\/figcaption><\/figure>\n\n\n\n<p>&nbsp;<\/p>\n","protected":false},"excerpt":{"rendered":"<p>No menos importante que nuestras casas rurales, el restaurante Casa Severa goza de un reconocimiento en la comarca del oriente de Asturias. En diferentes fechas del a\u00f1o, preparamos jornadas gastron\u00f3micas variadas : de la matanza del cerdo, del cochinillo al horno, del gochu asturcelta, de la caza, &#8230; Adem\u00e1s tenemos una carta muy asequible y [&hellip;]<\/p>\n","protected":false},"author":1,"featured_media":0,"parent":0,"menu_order":0,"comment_status":"closed","ping_status":"closed","template":"","meta":{"_genesis_hide_title":false,"_genesis_hide_breadcrumbs":false,"_genesis_hide_singular_image":false,"_genesis_hide_footer_widgets":false,"_genesis_custom_body_class":"","_genesis_custom_post_class":"","_genesis_layout":"","footnotes":""},"class_list":{"0":"post-88","1":"page","2":"type-page","3":"status-publish","5":"entry"},"_links":{"self":[{"href":"https:\/\/casasevera.com\/casarural\/wp-json\/wp\/v2\/pages\/88","targetHints":{"allow":["GET"]}}],"collection":[{"href":"https:\/\/casasevera.com\/casarural\/wp-json\/wp\/v2\/pages"}],"about":[{"href":"https:\/\/casasevera.com\/casarural\/wp-json\/wp\/v2\/types\/page"}],"author":[{"embeddable":true,"href":"https:\/\/casasevera.com\/casarural\/wp-json\/wp\/v2\/users\/1"}],"replies":[{"embeddable":true,"href":"https:\/\/casasevera.com\/casarural\/wp-json\/wp\/v2\/comments?post=88"}],"version-history":[{"count":5,"href":"https:\/\/casasevera.com\/casarural\/wp-json\/wp\/v2\/pages\/88\/revisions"}],"predecessor-version":[{"id":328,"href":"https:\/\/casasevera.com\/casarural\/wp-json\/wp\/v2\/pages\/88\/revisions\/328"}],"wp:attachment":[{"href":"https:\/\/casasevera.com\/casarural\/wp-json\/wp\/v2\/media?parent=88"}],"curies":[{"name":"wp","href":"https:\/\/api.w.org\/{rel}","templated":true}]}}